{"id":1111,"date":"2025-08-02T10:16:27","date_gmt":"2025-08-02T08:16:27","guid":{"rendered":"https:\/\/casa-nostra-eygalieres.com\/?page_id=1111"},"modified":"2025-10-14T12:59:55","modified_gmt":"2025-10-14T10:59:55","slug":"contact","status":"publish","type":"page","link":"https:\/\/casa-nostra-eygalieres.com\/en\/contact\/","title":{"rendered":"Contact"},"content":{"rendered":"<p>[et_pb_section fb_built=&#8221;1&#8243; _builder_version=&#8221;4.27.4&#8243; _module_preset=&#8221;default&#8221; background_color=&#8221;#E8DAD3&#8243; custom_margin=&#8221;||||false|false&#8221; custom_padding=&#8221;0px|0px|0px|0px|false|false&#8221; border_color_all=&#8221;RGBA(255,255,255,0)&#8221; locked=&#8221;off&#8221; global_colors_info=&#8221;{}&#8221;][et_pb_row column_structure=&#8221;1_2,1_2&#8243; use_custom_gutter=&#8221;on&#8221; gutter_width=&#8221;1&#8243; make_equal=&#8221;on&#8221; _builder_version=&#8221;4.27.4&#8243; _module_preset=&#8221;default&#8221; background_color=&#8221;#E8DAD3&#8243; width=&#8221;100%&#8221; max_width=&#8221;3500px&#8221; custom_padding=&#8221;0px|0px|0px|0px|false|false&#8221; global_colors_info=&#8221;{}&#8221;][et_pb_column type=&#8221;1_2&#8243; _builder_version=&#8221;4.27.4&#8243; _module_preset=&#8221;default&#8221; background_color=&#8221;RGBA(255,255,255,0)&#8221; global_colors_info=&#8221;{}&#8221;][et_pb_slider arrows_custom_color=&#8221;#E8DAD3&#8243; dot_nav_custom_color=&#8221;#E8DAD3&#8243; _builder_version=&#8221;4.27.4&#8243; _module_preset=&#8221;default&#8221; background_color=&#8221;RGBA(255,255,255,0)&#8221; max_height=&#8221;1250px&#8221; custom_padding_tablet=&#8221;&#8221; custom_padding_phone=&#8221;300px||300px||false|false&#8221; custom_padding_last_edited=&#8221;on|phone&#8221; animation_style=&#8221;fade&#8221; locked=&#8221;off&#8221; global_colors_info=&#8221;{}&#8221;][et_pb_slide image=&#8221;https:\/\/casa-nostra-eygalieres.com\/wp-content\/uploads\/2025\/07\/transparent-1.webp&#8221; _builder_version=&#8221;4.27.4&#8243; _module_preset=&#8221;default&#8221; background_color=&#8221;RGBA(255,255,255,0)&#8221; background_enable_color=&#8221;on&#8221; background_image=&#8221;https:\/\/casa-nostra-eygalieres.com\/wp-content\/uploads\/2025\/08\/Selection-photos-home-1.webp&#8221; background_enable_image=&#8221;on&#8221; locked=&#8221;off&#8221; global_colors_info=&#8221;{}&#8221; sticky_transition=&#8221;on&#8221;][\/et_pb_slide][et_pb_slide image=&#8221;https:\/\/casa-nostra-eygalieres.com\/wp-content\/uploads\/2025\/07\/transparent-1.webp&#8221; _builder_version=&#8221;4.27.4&#8243; _module_preset=&#8221;default&#8221; background_color=&#8221;RGBA(255,255,255,0)&#8221; background_enable_color=&#8221;on&#8221; background_image=&#8221;https:\/\/casa-nostra-eygalieres.com\/wp-content\/uploads\/2025\/08\/Selection-photos-home-2.webp&#8221; background_enable_image=&#8221;on&#8221; locked=&#8221;off&#8221; global_colors_info=&#8221;{}&#8221; sticky_transition=&#8221;on&#8221;][\/et_pb_slide][et_pb_slide image=&#8221;https:\/\/casa-nostra-eygalieres.com\/wp-content\/uploads\/2025\/07\/transparent-1.webp&#8221; _builder_version=&#8221;4.27.4&#8243; _module_preset=&#8221;default&#8221; background_color=&#8221;RGBA(255,255,255,0)&#8221; background_enable_color=&#8221;on&#8221; background_image=&#8221;https:\/\/casa-nostra-eygalieres.com\/wp-content\/uploads\/2025\/08\/Selection-photos-home-3.webp&#8221; background_enable_image=&#8221;on&#8221; locked=&#8221;off&#8221; global_colors_info=&#8221;{}&#8221; sticky_transition=&#8221;on&#8221;][\/et_pb_slide][et_pb_slide image=&#8221;https:\/\/casa-nostra-eygalieres.com\/wp-content\/uploads\/2025\/07\/transparent-1.webp&#8221; _builder_version=&#8221;4.27.4&#8243; _module_preset=&#8221;default&#8221; background_color=&#8221;RGBA(255,255,255,0)&#8221; background_enable_color=&#8221;on&#8221; background_image=&#8221;https:\/\/casa-nostra-eygalieres.com\/wp-content\/uploads\/2025\/08\/Selection-photos-home-4.webp&#8221; background_enable_image=&#8221;on&#8221; locked=&#8221;off&#8221; global_colors_info=&#8221;{}&#8221; sticky_transition=&#8221;on&#8221;][\/et_pb_slide][et_pb_slide image=&#8221;https:\/\/casa-nostra-eygalieres.com\/wp-content\/uploads\/2025\/07\/transparent-1.webp&#8221; _builder_version=&#8221;4.27.4&#8243; _module_preset=&#8221;default&#8221; background_color=&#8221;RGBA(255,255,255,0)&#8221; background_enable_color=&#8221;on&#8221; background_image=&#8221;https:\/\/casa-nostra-eygalieres.com\/wp-content\/uploads\/2025\/08\/Selection-photos-home-5.webp&#8221; background_enable_image=&#8221;on&#8221; locked=&#8221;off&#8221; global_colors_info=&#8221;{}&#8221; sticky_transition=&#8221;on&#8221;][\/et_pb_slide][\/et_pb_slider][\/et_pb_column][et_pb_column type=&#8221;1_2&#8243; _builder_version=&#8221;4.27.4&#8243; _module_preset=&#8221;default&#8221; background_color=&#8221;RGBA(255,255,255,0)&#8221; custom_padding=&#8221;120px|120px|120px|120px|false|false&#8221; custom_padding_tablet=&#8221;120px|120px|120px|120px|false|false&#8221; custom_padding_phone=&#8221;40px|20px|40px|20px|false|false&#8221; custom_padding_last_edited=&#8221;on|phone&#8221; global_colors_info=&#8221;{}&#8221;][et_pb_text _builder_version=&#8221;4.27.4&#8243; _module_preset=&#8221;default&#8221; text_font=&#8221;Montserrat|300|||||||&#8221; text_text_color=&#8221;#AF5440&#8243; text_font_size=&#8221;18px&#8221; text_line_height=&#8221;32.3px&#8221; header_font=&#8221;Montserrat|300|||||||&#8221; header_text_color=&#8221;#AF5440&#8243; header_font_size=&#8221;44px&#8221; header_line_height=&#8221;1.3em&#8221; global_colors_info=&#8221;{}&#8221;]<\/p>\n<h1>Contact Casa Nostra<\/h1>\n<p>&nbsp;<\/p>\n<p style=\"text-align: justify;\">Would you like to learn more about Casa Nostra Eygali\u00e8res or plan your idyllic stay in the Alpilles? Our team is available to answer all your questions and help you plan an unforgettable experience. Contact us for any inquiries, reservations, or personalized advice about your stay. We look forward to making your vacation a magical and memorable one.<\/p>\n<p>[\/et_pb_text][et_pb_contact_form email=&#8221;hello@casa-nosra-eygalieres.com&#8221; custom_message=&#8221;Message depuis le formulaire de contact du site Casa Nostra Eygali\u00e8res||et_pb_line_break_holder||%%Name%%||et_pb_line_break_holder||%%Emaili%%||et_pb_line_break_holder||%%Message%%&#8221; success_message=&#8221;Merci pour votre message, nous vous r\u00e9pondrons dans les plus brefs d\u00e9lais.&#8221; _builder_version=&#8221;4.27.4&#8243; _module_preset=&#8221;default&#8221; _unique_id=&#8221;141c6be8-d9b8-48db-84ef-42d8c05f8f37&#8243; form_field_text_color=&#8221;#AF5440&#8243; form_field_custom_margin=&#8221;||||false|false&#8221; form_field_custom_padding=&#8221;||||false|false&#8221; title_text_color=&#8221;#AF5440&#8243; captcha_text_color=&#8221;#AF5440&#8243; custom_button=&#8221;on&#8221; button_text_color=&#8221;#E8DAD3&#8243; button_font=&#8221;Montserrat||||||||&#8221; button_custom_margin=&#8221;|||30px|false|false&#8221; custom_padding=&#8221;50px||||false|false&#8221; hover_enabled=&#8221;0&#8243; global_colors_info=&#8221;{}&#8221; use_spam_service=&#8221;on&#8221; recaptcha_list=&#8221;Default|Default-0&#8243; sticky_enabled=&#8221;0&#8243;][et_pb_contact_field field_id=&#8221;Name&#8221; field_title=&#8221;Name&#8221; _builder_version=&#8221;4.16&#8243; global_colors_info=&#8221;{}&#8221; button_text_size__hover_enabled=&#8221;off&#8221; button_one_text_size__hover_enabled=&#8221;off&#8221; button_two_text_size__hover_enabled=&#8221;off&#8221; button_text_color__hover_enabled=&#8221;off&#8221; button_one_text_color__hover_enabled=&#8221;off&#8221; button_two_text_color__hover_enabled=&#8221;off&#8221; button_border_width__hover_enabled=&#8221;off&#8221; button_one_border_width__hover_enabled=&#8221;off&#8221; button_two_border_width__hover_enabled=&#8221;off&#8221; button_border_color__hover_enabled=&#8221;off&#8221; button_one_border_color__hover_enabled=&#8221;off&#8221; button_two_border_color__hover_enabled=&#8221;off&#8221; button_border_radius__hover_enabled=&#8221;off&#8221; button_one_border_radius__hover_enabled=&#8221;off&#8221; button_two_border_radius__hover_enabled=&#8221;off&#8221; button_letter_spacing__hover_enabled=&#8221;off&#8221; button_one_letter_spacing__hover_enabled=&#8221;off&#8221; button_two_letter_spacing__hover_enabled=&#8221;off&#8221; button_bg_color__hover_enabled=&#8221;off&#8221; button_one_bg_color__hover_enabled=&#8221;off&#8221; button_two_bg_color__hover_enabled=&#8221;off&#8221;][\/et_pb_contact_field][et_pb_contact_field field_id=&#8221;Email&#8221; field_title=&#8221;Email Address&#8221; field_type=&#8221;email&#8221; _builder_version=&#8221;4.16&#8243; global_colors_info=&#8221;{}&#8221; button_text_size__hover_enabled=&#8221;off&#8221; button_one_text_size__hover_enabled=&#8221;off&#8221; button_two_text_size__hover_enabled=&#8221;off&#8221; button_text_color__hover_enabled=&#8221;off&#8221; button_one_text_color__hover_enabled=&#8221;off&#8221; button_two_text_color__hover_enabled=&#8221;off&#8221; button_border_width__hover_enabled=&#8221;off&#8221; button_one_border_width__hover_enabled=&#8221;off&#8221; button_two_border_width__hover_enabled=&#8221;off&#8221; button_border_color__hover_enabled=&#8221;off&#8221; button_one_border_color__hover_enabled=&#8221;off&#8221; button_two_border_color__hover_enabled=&#8221;off&#8221; button_border_radius__hover_enabled=&#8221;off&#8221; button_one_border_radius__hover_enabled=&#8221;off&#8221; button_two_border_radius__hover_enabled=&#8221;off&#8221; button_letter_spacing__hover_enabled=&#8221;off&#8221; button_one_letter_spacing__hover_enabled=&#8221;off&#8221; button_two_letter_spacing__hover_enabled=&#8221;off&#8221; button_bg_color__hover_enabled=&#8221;off&#8221; button_one_bg_color__hover_enabled=&#8221;off&#8221; button_two_bg_color__hover_enabled=&#8221;off&#8221;][\/et_pb_contact_field][et_pb_contact_field field_id=&#8221;Message&#8221; field_title=&#8221;Message&#8221; field_type=&#8221;text&#8221; fullwidth_field=&#8221;on&#8221; _builder_version=&#8221;4.16&#8243; global_colors_info=&#8221;{}&#8221; button_text_size__hover_enabled=&#8221;off&#8221; button_one_text_size__hover_enabled=&#8221;off&#8221; button_two_text_size__hover_enabled=&#8221;off&#8221; button_text_color__hover_enabled=&#8221;off&#8221; button_one_text_color__hover_enabled=&#8221;off&#8221; button_two_text_color__hover_enabled=&#8221;off&#8221; button_border_width__hover_enabled=&#8221;off&#8221; button_one_border_width__hover_enabled=&#8221;off&#8221; button_two_border_width__hover_enabled=&#8221;off&#8221; button_border_color__hover_enabled=&#8221;off&#8221; button_one_border_color__hover_enabled=&#8221;off&#8221; button_two_border_color__hover_enabled=&#8221;off&#8221; button_border_radius__hover_enabled=&#8221;off&#8221; button_one_border_radius__hover_enabled=&#8221;off&#8221; button_two_border_radius__hover_enabled=&#8221;off&#8221; button_letter_spacing__hover_enabled=&#8221;off&#8221; button_one_letter_spacing__hover_enabled=&#8221;off&#8221; button_two_letter_spacing__hover_enabled=&#8221;off&#8221; button_bg_color__hover_enabled=&#8221;off&#8221; button_one_bg_color__hover_enabled=&#8221;off&#8221; button_two_bg_color__hover_enabled=&#8221;off&#8221;][\/et_pb_contact_field][\/et_pb_contact_form][et_pb_blurb use_icon=&#8221;on&#8221; font_icon=&#8221;&#xf095;||fa||900&#8243; icon_color=&#8221;#AF5440&#8243; icon_placement=&#8221;left&#8221; _builder_version=&#8221;4.27.4&#8243; _module_preset=&#8221;default&#8221; header_text_color=&#8221;#AF5440&#8243; header_font_size=&#8221;25px&#8221; body_font_size=&#8221;22px&#8221; custom_padding=&#8221;10px||10px||false|false&#8221; locked=&#8221;off&#8221; global_colors_info=&#8221;{}&#8221;]<\/p>\n<p style=\"text-align: left;\"><span style=\"color: #af5440;\"><a href=\"tel:+33614214434\" style=\"color: #af5440;\">(33) 614 214 434<\/a><\/span><\/p>\n<p>[\/et_pb_blurb][et_pb_blurb use_icon=&#8221;on&#8221; font_icon=&#8221;&#xf0e0;||fa||900&#8243; icon_color=&#8221;#AF5440&#8243; icon_placement=&#8221;left&#8221; _builder_version=&#8221;4.27.4&#8243; _module_preset=&#8221;default&#8221; header_text_color=&#8221;#AF5440&#8243; header_font_size=&#8221;25px&#8221; body_font_size=&#8221;22px&#8221; custom_padding=&#8221;10px||10px||false|false&#8221; locked=&#8221;off&#8221; global_colors_info=&#8221;{}&#8221;]<\/p>\n<p style=\"text-align: left;\"><span style=\"color: #af5440;\"><a href=\"mailto:hello@casa-nostra-eygalieres.com\" style=\"color: #af5440;\">hello@casa-nostra-eygalieres.com<\/a><\/span><\/p>\n<p>[\/et_pb_blurb][et_pb_blurb use_icon=&#8221;on&#8221; font_icon=&#8221;&#xf3c5;||fa||900&#8243; icon_color=&#8221;#AF5440&#8243; icon_placement=&#8221;left&#8221; _builder_version=&#8221;4.27.4&#8243; _module_preset=&#8221;default&#8221; header_text_color=&#8221;#AF5440&#8243; header_font_size=&#8221;22px&#8221; body_text_color=&#8221;#AF5440&#8243; body_font_size=&#8221;22px&#8221; body_line_height=&#8221;1.8em&#8221; custom_padding=&#8221;30px||0px||false|false&#8221; locked=&#8221;off&#8221; global_colors_info=&#8221;{}&#8221;]Route de la Gare<br \/>\nAlpilles<br \/>\n13810 EYGALI\u00c8RES FRANCE[\/et_pb_blurb][\/et_pb_column][\/et_pb_row][\/et_pb_section][et_pb_section fb_built=&#8221;1&#8243; _builder_version=&#8221;4.27.4&#8243; _module_preset=&#8221;default&#8221; background_color=&#8221;#E8DAD3&#8243; custom_margin=&#8221;||||false|false&#8221; custom_padding=&#8221;0px|0px|0px|0px|false|false&#8221; border_color_all=&#8221;RGBA(255,255,255,0)&#8221; locked=&#8221;off&#8221; global_colors_info=&#8221;{}&#8221;][et_pb_row use_custom_gutter=&#8221;on&#8221; gutter_width=&#8221;1&#8243; make_equal=&#8221;on&#8221; _builder_version=&#8221;4.27.4&#8243; _module_preset=&#8221;default&#8221; background_color=&#8221;#E8DAD3&#8243; width=&#8221;100%&#8221; max_width=&#8221;3500px&#8221; custom_padding=&#8221;0px|0px|0px|0px|false|false&#8221; global_colors_info=&#8221;{}&#8221;][et_pb_column type=&#8221;4_4&#8243; _builder_version=&#8221;4.27.4&#8243; _module_preset=&#8221;default&#8221; background_color=&#8221;RGBA(255,255,255,0)&#8221; global_colors_info=&#8221;{}&#8221;][et_pb_text _builder_version=&#8221;4.27.4&#8243; _module_preset=&#8221;default&#8221; global_colors_info=&#8221;{}&#8221;]<iframe src=\"https:\/\/www.google.com\/maps\/embed?pb=!1m16!1m12!1m3!1d2880.573740416221!2d4.954318777558572!3d43.78170647109636!2m3!1f0!2f0!3f0!3m2!1i1024!2i768!4f13.1!2m1!1sCasa%20Nostra%20Eygali%C3%A8res!5e0!3m2!1sfr!2sfr!4v1754125921353!5m2!1sfr!2sfr\" width=\"3500\" height=\"720\" style=\"border:0;\" allowfullscreen=\"\" loading=\"lazy\" referrerpolicy=\"no-referrer-when-downgrade\"><\/iframe>[\/et_pb_text][\/et_pb_column][\/et_pb_row][\/et_pb_section]<\/p>\n","protected":false},"excerpt":{"rendered":"<p>Contact Casa Nostra &nbsp; Would you like to learn more about Casa Nostra Eygali\u00e8res or plan your idyllic stay in the Alpilles? Our team is available to answer all your questions and help you plan an unforgettable experience. Contact us for any inquiries, reservations, or personalized advice about your stay. We look forward to making [&hellip;]<\/p>\n","protected":false},"author":1,"featured_media":0,"parent":0,"menu_order":0,"comment_status":"closed","ping_status":"closed","template":"","meta":{"_et_pb_use_builder":"on","_et_pb_old_content":"","_et_gb_content_width":"","footnotes":""},"class_list":["post-1111","page","type-page","status-publish","hentry"],"yoast_head":"<!-- This site is optimized with the Yoast SEO plugin v27.4 - https:\/\/yoast.com\/product\/yoast-seo-wordpress\/ -->\n<title>Contact \u2013 Casa Nostra, organisons votre s\u00e9jour en Provence<\/title>\n<meta name=\"description\" content=\"Une question, une demande de disponibilit\u00e9 ou un projet d\u2019\u00e9v\u00e9nement ? Contactez-nous pour organiser votre s\u00e9jour sur-mesure \u00e0 Casa Nostra, au c\u0153ur des Alpilles.\" \/>\n<meta name=\"robots\" content=\"index, follow, max-snippet:-1, max-image-preview:large, max-video-preview:-1\" \/>\n<link rel=\"canonical\" href=\"https:\/\/casa-nostra-eygalieres.com\/en\/contact\/\" \/>\n<meta property=\"og:locale\" content=\"en_US\" \/>\n<meta property=\"og:type\" content=\"article\" \/>\n<meta property=\"og:title\" content=\"Contact \u2013 Casa Nostra, organisons votre s\u00e9jour en Provence\" \/>\n<meta property=\"og:description\" content=\"Une question, une demande de disponibilit\u00e9 ou un projet d\u2019\u00e9v\u00e9nement ? Contactez-nous pour organiser votre s\u00e9jour sur-mesure \u00e0 Casa Nostra, au c\u0153ur des Alpilles.\" \/>\n<meta property=\"og:url\" content=\"https:\/\/casa-nostra-eygalieres.com\/en\/contact\/\" \/>\n<meta property=\"og:site_name\" content=\"Casa Nostra Eygali\u00e8res\" \/>\n<meta property=\"article:modified_time\" content=\"2025-10-14T10:59:55+00:00\" \/>\n<meta property=\"og:image\" content=\"https:\/\/casa-nostra-eygalieres.com\/wp-content\/uploads\/2025\/08\/1200.jpg\" \/>\n\t<meta property=\"og:image:width\" content=\"1200\" \/>\n\t<meta property=\"og:image:height\" content=\"675\" \/>\n\t<meta property=\"og:image:type\" content=\"image\/jpeg\" \/>\n<meta name=\"twitter:card\" content=\"summary_large_image\" \/>\n<meta name=\"twitter:label1\" content=\"Est. reading time\" \/>\n\t<meta name=\"twitter:data1\" content=\"2 minutes\" \/>\n<script type=\"application\/ld+json\" class=\"yoast-schema-graph\">{\"@context\":\"https:\\\/\\\/schema.org\",\"@graph\":[{\"@type\":\"WebPage\",\"@id\":\"https:\\\/\\\/casa-nostra-eygalieres.com\\\/en\\\/contact\\\/\",\"url\":\"https:\\\/\\\/casa-nostra-eygalieres.com\\\/en\\\/contact\\\/\",\"name\":\"Contact \u2013 Casa Nostra, organisons votre s\u00e9jour en Provence\",\"isPartOf\":{\"@id\":\"https:\\\/\\\/casa-nostra-eygalieres.com\\\/#website\"},\"datePublished\":\"2025-08-02T08:16:27+00:00\",\"dateModified\":\"2025-10-14T10:59:55+00:00\",\"description\":\"Une question, une demande de disponibilit\u00e9 ou un projet d\u2019\u00e9v\u00e9nement ? Contactez-nous pour organiser votre s\u00e9jour sur-mesure \u00e0 Casa Nostra, au c\u0153ur des Alpilles.\",\"breadcrumb\":{\"@id\":\"https:\\\/\\\/casa-nostra-eygalieres.com\\\/en\\\/contact\\\/#breadcrumb\"},\"inLanguage\":\"en-US\",\"potentialAction\":[{\"@type\":\"ReadAction\",\"target\":[\"https:\\\/\\\/casa-nostra-eygalieres.com\\\/en\\\/contact\\\/\"]}]},{\"@type\":\"BreadcrumbList\",\"@id\":\"https:\\\/\\\/casa-nostra-eygalieres.com\\\/en\\\/contact\\\/#breadcrumb\",\"itemListElement\":[{\"@type\":\"ListItem\",\"position\":1,\"name\":\"Accueil\",\"item\":\"https:\\\/\\\/casa-nostra-eygalieres.com\\\/en\\\/\"},{\"@type\":\"ListItem\",\"position\":2,\"name\":\"Contact\"}]},{\"@type\":\"WebSite\",\"@id\":\"https:\\\/\\\/casa-nostra-eygalieres.com\\\/#website\",\"url\":\"https:\\\/\\\/casa-nostra-eygalieres.com\\\/\",\"name\":\"Casa Nostra Eygali\u00e8res\",\"description\":\"Location Villa avec piscine Alpilles\",\"publisher\":{\"@id\":\"https:\\\/\\\/casa-nostra-eygalieres.com\\\/#organization\"},\"potentialAction\":[{\"@type\":\"SearchAction\",\"target\":{\"@type\":\"EntryPoint\",\"urlTemplate\":\"https:\\\/\\\/casa-nostra-eygalieres.com\\\/?s={search_term_string}\"},\"query-input\":{\"@type\":\"PropertyValueSpecification\",\"valueRequired\":true,\"valueName\":\"search_term_string\"}}],\"inLanguage\":\"en-US\"},{\"@type\":\"Organization\",\"@id\":\"https:\\\/\\\/casa-nostra-eygalieres.com\\\/#organization\",\"name\":\"Casa Nostra Eygali\u00e8res\",\"url\":\"https:\\\/\\\/casa-nostra-eygalieres.com\\\/\",\"logo\":{\"@type\":\"ImageObject\",\"inLanguage\":\"en-US\",\"@id\":\"https:\\\/\\\/casa-nostra-eygalieres.com\\\/#\\\/schema\\\/logo\\\/image\\\/\",\"url\":\"https:\\\/\\\/casa-nostra-eygalieres.com\\\/wp-content\\\/uploads\\\/2025\\\/07\\\/logo-casa-nostra.webp\",\"contentUrl\":\"https:\\\/\\\/casa-nostra-eygalieres.com\\\/wp-content\\\/uploads\\\/2025\\\/07\\\/logo-casa-nostra.webp\",\"width\":1500,\"height\":1816,\"caption\":\"Casa Nostra Eygali\u00e8res\"},\"image\":{\"@id\":\"https:\\\/\\\/casa-nostra-eygalieres.com\\\/#\\\/schema\\\/logo\\\/image\\\/\"},\"sameAs\":[\"https:\\\/\\\/www.instagram.com\\\/casa.nostra.eygalieres\\\/\"]}]}<\/script>\n<!-- \/ Yoast SEO plugin. -->","yoast_head_json":{"title":"Contact \u2013 Casa Nostra, organisons votre s\u00e9jour en Provence","description":"Une question, une demande de disponibilit\u00e9 ou un projet d\u2019\u00e9v\u00e9nement ? Contactez-nous pour organiser votre s\u00e9jour sur-mesure \u00e0 Casa Nostra, au c\u0153ur des Alpilles.","robots":{"index":"index","follow":"follow","max-snippet":"max-snippet:-1","max-image-preview":"max-image-preview:large","max-video-preview":"max-video-preview:-1"},"canonical":"https:\/\/casa-nostra-eygalieres.com\/en\/contact\/","og_locale":"en_US","og_type":"article","og_title":"Contact \u2013 Casa Nostra, organisons votre s\u00e9jour en Provence","og_description":"Une question, une demande de disponibilit\u00e9 ou un projet d\u2019\u00e9v\u00e9nement ? Contactez-nous pour organiser votre s\u00e9jour sur-mesure \u00e0 Casa Nostra, au c\u0153ur des Alpilles.","og_url":"https:\/\/casa-nostra-eygalieres.com\/en\/contact\/","og_site_name":"Casa Nostra Eygali\u00e8res","article_modified_time":"2025-10-14T10:59:55+00:00","og_image":[{"width":1200,"height":675,"url":"https:\/\/casa-nostra-eygalieres.com\/wp-content\/uploads\/2025\/08\/1200.jpg","type":"image\/jpeg"}],"twitter_card":"summary_large_image","twitter_misc":{"Est. reading time":"2 minutes"},"schema":{"@context":"https:\/\/schema.org","@graph":[{"@type":"WebPage","@id":"https:\/\/casa-nostra-eygalieres.com\/en\/contact\/","url":"https:\/\/casa-nostra-eygalieres.com\/en\/contact\/","name":"Contact \u2013 Casa Nostra, organisons votre s\u00e9jour en Provence","isPartOf":{"@id":"https:\/\/casa-nostra-eygalieres.com\/#website"},"datePublished":"2025-08-02T08:16:27+00:00","dateModified":"2025-10-14T10:59:55+00:00","description":"Une question, une demande de disponibilit\u00e9 ou un projet d\u2019\u00e9v\u00e9nement ? Contactez-nous pour organiser votre s\u00e9jour sur-mesure \u00e0 Casa Nostra, au c\u0153ur des Alpilles.","breadcrumb":{"@id":"https:\/\/casa-nostra-eygalieres.com\/en\/contact\/#breadcrumb"},"inLanguage":"en-US","potentialAction":[{"@type":"ReadAction","target":["https:\/\/casa-nostra-eygalieres.com\/en\/contact\/"]}]},{"@type":"BreadcrumbList","@id":"https:\/\/casa-nostra-eygalieres.com\/en\/contact\/#breadcrumb","itemListElement":[{"@type":"ListItem","position":1,"name":"Accueil","item":"https:\/\/casa-nostra-eygalieres.com\/en\/"},{"@type":"ListItem","position":2,"name":"Contact"}]},{"@type":"WebSite","@id":"https:\/\/casa-nostra-eygalieres.com\/#website","url":"https:\/\/casa-nostra-eygalieres.com\/","name":"Casa Nostra Eygali\u00e8res","description":"Location Villa avec piscine Alpilles","publisher":{"@id":"https:\/\/casa-nostra-eygalieres.com\/#organization"},"potentialAction":[{"@type":"SearchAction","target":{"@type":"EntryPoint","urlTemplate":"https:\/\/casa-nostra-eygalieres.com\/?s={search_term_string}"},"query-input":{"@type":"PropertyValueSpecification","valueRequired":true,"valueName":"search_term_string"}}],"inLanguage":"en-US"},{"@type":"Organization","@id":"https:\/\/casa-nostra-eygalieres.com\/#organization","name":"Casa Nostra Eygali\u00e8res","url":"https:\/\/casa-nostra-eygalieres.com\/","logo":{"@type":"ImageObject","inLanguage":"en-US","@id":"https:\/\/casa-nostra-eygalieres.com\/#\/schema\/logo\/image\/","url":"https:\/\/casa-nostra-eygalieres.com\/wp-content\/uploads\/2025\/07\/logo-casa-nostra.webp","contentUrl":"https:\/\/casa-nostra-eygalieres.com\/wp-content\/uploads\/2025\/07\/logo-casa-nostra.webp","width":1500,"height":1816,"caption":"Casa Nostra Eygali\u00e8res"},"image":{"@id":"https:\/\/casa-nostra-eygalieres.com\/#\/schema\/logo\/image\/"},"sameAs":["https:\/\/www.instagram.com\/casa.nostra.eygalieres\/"]}]}},"_links":{"self":[{"href":"https:\/\/casa-nostra-eygalieres.com\/en\/wp-json\/wp\/v2\/pages\/1111","targetHints":{"allow":["GET"]}}],"collection":[{"href":"https:\/\/casa-nostra-eygalieres.com\/en\/wp-json\/wp\/v2\/pages"}],"about":[{"href":"https:\/\/casa-nostra-eygalieres.com\/en\/wp-json\/wp\/v2\/types\/page"}],"author":[{"embeddable":true,"href":"https:\/\/casa-nostra-eygalieres.com\/en\/wp-json\/wp\/v2\/users\/1"}],"replies":[{"embeddable":true,"href":"https:\/\/casa-nostra-eygalieres.com\/en\/wp-json\/wp\/v2\/comments?post=1111"}],"version-history":[{"count":20,"href":"https:\/\/casa-nostra-eygalieres.com\/en\/wp-json\/wp\/v2\/pages\/1111\/revisions"}],"predecessor-version":[{"id":92280,"href":"https:\/\/casa-nostra-eygalieres.com\/en\/wp-json\/wp\/v2\/pages\/1111\/revisions\/92280"}],"wp:attachment":[{"href":"https:\/\/casa-nostra-eygalieres.com\/en\/wp-json\/wp\/v2\/media?parent=1111"}],"curies":[{"name":"wp","href":"https:\/\/api.w.org\/{rel}","templated":true}]}}